{"id":53,"date":"2012-05-01T15:04:31","date_gmt":"2012-05-01T15:04:31","guid":{"rendered":"http:\/\/petits-fruits.com\/?page_id=53"},"modified":"2021-05-11T15:36:58","modified_gmt":"2021-05-11T15:36:58","slug":"points-de-vente","status":"publish","type":"page","link":"https:\/\/www.petits-fruits.com\/index.php\/points-de-vente\/","title":{"rendered":"Points de vente"},"content":{"rendered":"<h1>Points de vente<\/h1>\n<h2>Pour vos fruits frais<\/h2>\n<p>Bleuets, fraises et framboises fra\u00eeches, d\u00e9j\u00e0 cueillis sont offert dans plusieurs points de vente. Nous vous&nbsp;les offrons&nbsp;dans l\u2019un de nos kiosques situ\u00e9s \u00e0 nos deux fermes de Saint-Thomas et Lavaltrie dans Lanaudi\u00e8re. \u00c0 quelque 30 minutes de Montr\u00e9al, procurez-vous nos produits directement de la ferme!<\/p>\n<table class=\"sansbordure\">\n<tbody>\n<tr>\n<td><strong>Bleueti\u00e8re Point du jour<\/strong><br \/>\n330, Point du jour Sud<br \/>\nLavaltrie (Qu\u00e9bec)<br \/>\nCanada J5T 3P4<br \/>\nT\u00e9l. 450 586-0598<\/td>\n<td width=\"50\"><\/td>\n<td><strong>Bleueti\u00e8re Royale<\/strong><br \/>\n511, Rang Br\u00fbl\u00e9<br \/>\nSt-Thomas de Joliette (Qu\u00e9bec)<br \/>\nCanada J0K 3L0<br \/>\nT\u00e9l. 450 756-6569<\/td>\n<\/tr>\n<\/tbody>\n<\/table>\n<h2>Pour vos fruits congel\u00e9s<\/h2>\n<p>Disponibles dans la plupart des \u00e9piceries de Lanaudi\u00e8re, nos produits congel\u00e9s se retrouvent chez M\u00e9tro, IGA et Provigo. Visitez le site de Fruits du jour (http:\/\/www.fruitdujour.com\/recettes.html) pour en savoir plus ou commander directement en t\u00e9l\u00e9phonant au 450 586-0598.<\/p>\n","protected":false},"excerpt":{"rendered":"<p>Points de vente Pour vos fruits frais Bleuets, fraises et framboises fra\u00eeches, d\u00e9j\u00e0 cueillis sont offert dans plusieurs points de vente. Nous vous&nbsp;les offrons&nbsp;dans l\u2019un de nos kiosques situ\u00e9s \u00e0 nos deux fermes de Saint-Thomas et Lavaltrie dans Lanaudi\u00e8re. \u00c0 quelque 30 minutes de Montr\u00e9al, procurez-vous nos produits directement de la ferme! Bleueti\u00e8re Point du [&hellip;]<\/p>\n","protected":false},"author":1,"featured_media":0,"parent":0,"menu_order":0,"comment_status":"closed","ping_status":"open","template":"","meta":{"footnotes":""},"class_list":["post-53","page","type-page","status-publish","hentry"],"yoast_head":"<!-- This site is optimized with the Yoast SEO plugin v27.4 - https:\/\/yoast.com\/product\/yoast-seo-wordpress\/ -->\n<title>www.petits-fruits.com\/points-de-vente<\/title>\n<meta name=\"description\" content=\"Nos points de vente sont dans nos kiosque \u00e0 la ferme ainsi que dans certain \u00e9picerie de la r\u00e9gion.\" \/>\n<meta name=\"robots\" content=\"index, follow, max-snippet:-1, max-image-preview:large, max-video-preview:-1\" \/>\n<link rel=\"canonical\" href=\"https:\/\/www.petits-fruits.com\/index.php\/points-de-vente\/\" \/>\n<meta property=\"og:locale\" content=\"fr_FR\" \/>\n<meta property=\"og:type\" content=\"article\" \/>\n<meta property=\"og:title\" content=\"www.petits-fruits.com\/points-de-vente\" \/>\n<meta property=\"og:description\" content=\"Nos points de vente sont dans nos kiosque \u00e0 la ferme ainsi que dans certain \u00e9picerie de la r\u00e9gion.\" \/>\n<meta property=\"og:url\" content=\"https:\/\/www.petits-fruits.com\/index.php\/points-de-vente\/\" \/>\n<meta property=\"og:site_name\" content=\"Bleueti\u00e8res Point du jour et Royale\" \/>\n<meta property=\"article:modified_time\" content=\"2021-05-11T15:36:58+00:00\" \/>\n<meta name=\"twitter:label1\" content=\"Dur\u00e9e de lecture estim\u00e9e\" \/>\n\t<meta name=\"twitter:data1\" content=\"1 minute\" \/>\n<script type=\"application\/ld+json\" class=\"yoast-schema-graph\">{\"@context\":\"https:\\\/\\\/schema.org\",\"@graph\":[{\"@type\":\"WebPage\",\"@id\":\"https:\\\/\\\/www.petits-fruits.com\\\/index.php\\\/points-de-vente\\\/\",\"url\":\"https:\\\/\\\/www.petits-fruits.com\\\/index.php\\\/points-de-vente\\\/\",\"name\":\"www.petits-fruits.com\\\/points-de-vente\",\"isPartOf\":{\"@id\":\"https:\\\/\\\/www.petits-fruits.com\\\/#website\"},\"datePublished\":\"2012-05-01T15:04:31+00:00\",\"dateModified\":\"2021-05-11T15:36:58+00:00\",\"description\":\"Nos points de vente sont dans nos kiosque \u00e0 la ferme ainsi que dans certain \u00e9picerie de la r\u00e9gion.\",\"breadcrumb\":{\"@id\":\"https:\\\/\\\/www.petits-fruits.com\\\/index.php\\\/points-de-vente\\\/#breadcrumb\"},\"inLanguage\":\"fr-FR\",\"potentialAction\":[{\"@type\":\"ReadAction\",\"target\":[\"https:\\\/\\\/www.petits-fruits.com\\\/index.php\\\/points-de-vente\\\/\"]}]},{\"@type\":\"BreadcrumbList\",\"@id\":\"https:\\\/\\\/www.petits-fruits.com\\\/index.php\\\/points-de-vente\\\/#breadcrumb\",\"itemListElement\":[{\"@type\":\"ListItem\",\"position\":1,\"name\":\"Accueil\",\"item\":\"https:\\\/\\\/www.petits-fruits.com\\\/\"},{\"@type\":\"ListItem\",\"position\":2,\"name\":\"Points de vente\"}]},{\"@type\":\"WebSite\",\"@id\":\"https:\\\/\\\/www.petits-fruits.com\\\/#website\",\"url\":\"https:\\\/\\\/www.petits-fruits.com\\\/\",\"name\":\"Bleueti\u00e8res Point du jour et Royale\",\"description\":\"\",\"potentialAction\":[{\"@type\":\"SearchAction\",\"target\":{\"@type\":\"EntryPoint\",\"urlTemplate\":\"https:\\\/\\\/www.petits-fruits.com\\\/?s={search_term_string}\"},\"query-input\":{\"@type\":\"PropertyValueSpecification\",\"valueRequired\":true,\"valueName\":\"search_term_string\"}}],\"inLanguage\":\"fr-FR\"}]}<\/script>\n<!-- \/ Yoast SEO plugin. -->","yoast_head_json":{"title":"www.petits-fruits.com\/points-de-vente","description":"Nos points de vente sont dans nos kiosque \u00e0 la ferme ainsi que dans certain \u00e9picerie de la r\u00e9gion.","robots":{"index":"index","follow":"follow","max-snippet":"max-snippet:-1","max-image-preview":"max-image-preview:large","max-video-preview":"max-video-preview:-1"},"canonical":"https:\/\/www.petits-fruits.com\/index.php\/points-de-vente\/","og_locale":"fr_FR","og_type":"article","og_title":"www.petits-fruits.com\/points-de-vente","og_description":"Nos points de vente sont dans nos kiosque \u00e0 la ferme ainsi que dans certain \u00e9picerie de la r\u00e9gion.","og_url":"https:\/\/www.petits-fruits.com\/index.php\/points-de-vente\/","og_site_name":"Bleueti\u00e8res Point du jour et Royale","article_modified_time":"2021-05-11T15:36:58+00:00","twitter_misc":{"Dur\u00e9e de lecture estim\u00e9e":"1 minute"},"schema":{"@context":"https:\/\/schema.org","@graph":[{"@type":"WebPage","@id":"https:\/\/www.petits-fruits.com\/index.php\/points-de-vente\/","url":"https:\/\/www.petits-fruits.com\/index.php\/points-de-vente\/","name":"www.petits-fruits.com\/points-de-vente","isPartOf":{"@id":"https:\/\/www.petits-fruits.com\/#website"},"datePublished":"2012-05-01T15:04:31+00:00","dateModified":"2021-05-11T15:36:58+00:00","description":"Nos points de vente sont dans nos kiosque \u00e0 la ferme ainsi que dans certain \u00e9picerie de la r\u00e9gion.","breadcrumb":{"@id":"https:\/\/www.petits-fruits.com\/index.php\/points-de-vente\/#breadcrumb"},"inLanguage":"fr-FR","potentialAction":[{"@type":"ReadAction","target":["https:\/\/www.petits-fruits.com\/index.php\/points-de-vente\/"]}]},{"@type":"BreadcrumbList","@id":"https:\/\/www.petits-fruits.com\/index.php\/points-de-vente\/#breadcrumb","itemListElement":[{"@type":"ListItem","position":1,"name":"Accueil","item":"https:\/\/www.petits-fruits.com\/"},{"@type":"ListItem","position":2,"name":"Points de vente"}]},{"@type":"WebSite","@id":"https:\/\/www.petits-fruits.com\/#website","url":"https:\/\/www.petits-fruits.com\/","name":"Bleueti\u00e8res Point du jour et Royale","description":"","potentialAction":[{"@type":"SearchAction","target":{"@type":"EntryPoint","urlTemplate":"https:\/\/www.petits-fruits.com\/?s={search_term_string}"},"query-input":{"@type":"PropertyValueSpecification","valueRequired":true,"valueName":"search_term_string"}}],"inLanguage":"fr-FR"}]}},"_links":{"self":[{"href":"https:\/\/www.petits-fruits.com\/index.php\/wp-json\/wp\/v2\/pages\/53","targetHints":{"allow":["GET"]}}],"collection":[{"href":"https:\/\/www.petits-fruits.com\/index.php\/wp-json\/wp\/v2\/pages"}],"about":[{"href":"https:\/\/www.petits-fruits.com\/index.php\/wp-json\/wp\/v2\/types\/page"}],"author":[{"embeddable":true,"href":"https:\/\/www.petits-fruits.com\/index.php\/wp-json\/wp\/v2\/users\/1"}],"replies":[{"embeddable":true,"href":"https:\/\/www.petits-fruits.com\/index.php\/wp-json\/wp\/v2\/comments?post=53"}],"version-history":[{"count":9,"href":"https:\/\/www.petits-fruits.com\/index.php\/wp-json\/wp\/v2\/pages\/53\/revisions"}],"predecessor-version":[{"id":341,"href":"https:\/\/www.petits-fruits.com\/index.php\/wp-json\/wp\/v2\/pages\/53\/revisions\/341"}],"wp:attachment":[{"href":"https:\/\/www.petits-fruits.com\/index.php\/wp-json\/wp\/v2\/media?parent=53"}],"curies":[{"name":"wp","href":"https:\/\/api.w.org\/{rel}","templated":true}]}}