{"id":50,"date":"2012-05-01T15:00:52","date_gmt":"2012-05-01T15:00:52","guid":{"rendered":"http:\/\/petits-fruits.com\/?page_id=50"},"modified":"2021-05-11T15:36:40","modified_gmt":"2021-05-11T15:36:40","slug":"kiosques","status":"publish","type":"page","link":"https:\/\/www.petits-fruits.com\/index.php\/kiosques\/","title":{"rendered":"Kiosques"},"content":{"rendered":"<h1>Kiosques<\/h1>\n<h2>Bleuets, fraises et framboises de la Bleueti\u00e8re Point du jour et Royale en kiosques!<\/h2>\n<p>Passez nous voir \u00e0 l\u2019un de nos kiosques situ\u00e9s \u00e0 Saint-Thomas et Lavaltrie pour vous informer de l\u2019auto-cueillette ou vous procurer nos fruits frais cueillis ou nos produits cuisin\u00e9s.<\/p>\n<p><strong>Bleueti\u00e8re Point du jour<\/strong><br \/>\n330, Point du jour Sud<br \/>\nLavaltrie (Qu\u00e9bec)<br \/>\nCanada J5T 3P4<br \/>\nT\u00e9l. 450 586-0598<\/p>\n<p><strong>Bleueti\u00e8re Royale<\/strong><br \/>\n511, Rang Br\u00fbl\u00e9<br \/>\nSt-Thomas de Joliette (Qu\u00e9bec)<br \/>\nCanada J0K 3L0<br \/>\nT\u00e9l. 450 756-6569<\/p>\n","protected":false},"excerpt":{"rendered":"<p>Kiosques Bleuets, fraises et framboises de la Bleueti\u00e8re Point du jour et Royale en kiosques! Passez nous voir \u00e0 l\u2019un de nos kiosques situ\u00e9s \u00e0 Saint-Thomas et Lavaltrie pour vous informer de l\u2019auto-cueillette ou vous procurer nos fruits frais cueillis ou nos produits cuisin\u00e9s. Bleueti\u00e8re Point du jour 330, Point du jour Sud Lavaltrie (Qu\u00e9bec) [&hellip;]<\/p>\n","protected":false},"author":1,"featured_media":0,"parent":0,"menu_order":0,"comment_status":"closed","ping_status":"open","template":"","meta":{"footnotes":""},"class_list":["post-50","page","type-page","status-publish","hentry"],"yoast_head":"<!-- This site is optimized with the Yoast SEO plugin v27.4 - https:\/\/yoast.com\/product\/yoast-seo-wordpress\/ -->\n<title>Kiosques - Bleueti\u00e8res Point du jour et Royale<\/title>\n<meta name=\"robots\" content=\"index, follow, max-snippet:-1, max-image-preview:large, max-video-preview:-1\" \/>\n<link rel=\"canonical\" href=\"https:\/\/www.petits-fruits.com\/index.php\/kiosques\/\" \/>\n<meta property=\"og:locale\" content=\"fr_FR\" \/>\n<meta property=\"og:type\" content=\"article\" \/>\n<meta property=\"og:title\" content=\"Kiosques - Bleueti\u00e8res Point du jour et Royale\" \/>\n<meta property=\"og:description\" content=\"Kiosques Bleuets, fraises et framboises de la Bleueti\u00e8re Point du jour et Royale en kiosques! Passez nous voir \u00e0 l\u2019un de nos kiosques situ\u00e9s \u00e0 Saint-Thomas et Lavaltrie pour vous informer de l\u2019auto-cueillette ou vous procurer nos fruits frais cueillis ou nos produits cuisin\u00e9s. Bleueti\u00e8re Point du jour 330, Point du jour Sud Lavaltrie (Qu\u00e9bec) [&hellip;]\" \/>\n<meta property=\"og:url\" content=\"https:\/\/www.petits-fruits.com\/index.php\/kiosques\/\" \/>\n<meta property=\"og:site_name\" content=\"Bleueti\u00e8res Point du jour et Royale\" \/>\n<meta property=\"article:modified_time\" content=\"2021-05-11T15:36:40+00:00\" \/>\n<meta name=\"twitter:label1\" content=\"Dur\u00e9e de lecture estim\u00e9e\" \/>\n\t<meta name=\"twitter:data1\" content=\"1 minute\" \/>\n<script type=\"application\/ld+json\" class=\"yoast-schema-graph\">{\"@context\":\"https:\\\/\\\/schema.org\",\"@graph\":[{\"@type\":\"WebPage\",\"@id\":\"https:\\\/\\\/www.petits-fruits.com\\\/index.php\\\/kiosques\\\/\",\"url\":\"https:\\\/\\\/www.petits-fruits.com\\\/index.php\\\/kiosques\\\/\",\"name\":\"Kiosques - Bleueti\u00e8res Point du jour et Royale\",\"isPartOf\":{\"@id\":\"https:\\\/\\\/www.petits-fruits.com\\\/#website\"},\"datePublished\":\"2012-05-01T15:00:52+00:00\",\"dateModified\":\"2021-05-11T15:36:40+00:00\",\"breadcrumb\":{\"@id\":\"https:\\\/\\\/www.petits-fruits.com\\\/index.php\\\/kiosques\\\/#breadcrumb\"},\"inLanguage\":\"fr-FR\",\"potentialAction\":[{\"@type\":\"ReadAction\",\"target\":[\"https:\\\/\\\/www.petits-fruits.com\\\/index.php\\\/kiosques\\\/\"]}]},{\"@type\":\"BreadcrumbList\",\"@id\":\"https:\\\/\\\/www.petits-fruits.com\\\/index.php\\\/kiosques\\\/#breadcrumb\",\"itemListElement\":[{\"@type\":\"ListItem\",\"position\":1,\"name\":\"Accueil\",\"item\":\"https:\\\/\\\/www.petits-fruits.com\\\/\"},{\"@type\":\"ListItem\",\"position\":2,\"name\":\"Kiosques\"}]},{\"@type\":\"WebSite\",\"@id\":\"https:\\\/\\\/www.petits-fruits.com\\\/#website\",\"url\":\"https:\\\/\\\/www.petits-fruits.com\\\/\",\"name\":\"Bleueti\u00e8res Point du jour et Royale\",\"description\":\"\",\"potentialAction\":[{\"@type\":\"SearchAction\",\"target\":{\"@type\":\"EntryPoint\",\"urlTemplate\":\"https:\\\/\\\/www.petits-fruits.com\\\/?s={search_term_string}\"},\"query-input\":{\"@type\":\"PropertyValueSpecification\",\"valueRequired\":true,\"valueName\":\"search_term_string\"}}],\"inLanguage\":\"fr-FR\"}]}<\/script>\n<!-- \/ Yoast SEO plugin. -->","yoast_head_json":{"title":"Kiosques - Bleueti\u00e8res Point du jour et Royale","robots":{"index":"index","follow":"follow","max-snippet":"max-snippet:-1","max-image-preview":"max-image-preview:large","max-video-preview":"max-video-preview:-1"},"canonical":"https:\/\/www.petits-fruits.com\/index.php\/kiosques\/","og_locale":"fr_FR","og_type":"article","og_title":"Kiosques - Bleueti\u00e8res Point du jour et Royale","og_description":"Kiosques Bleuets, fraises et framboises de la Bleueti\u00e8re Point du jour et Royale en kiosques! Passez nous voir \u00e0 l\u2019un de nos kiosques situ\u00e9s \u00e0 Saint-Thomas et Lavaltrie pour vous informer de l\u2019auto-cueillette ou vous procurer nos fruits frais cueillis ou nos produits cuisin\u00e9s. Bleueti\u00e8re Point du jour 330, Point du jour Sud Lavaltrie (Qu\u00e9bec) [&hellip;]","og_url":"https:\/\/www.petits-fruits.com\/index.php\/kiosques\/","og_site_name":"Bleueti\u00e8res Point du jour et Royale","article_modified_time":"2021-05-11T15:36:40+00:00","twitter_misc":{"Dur\u00e9e de lecture estim\u00e9e":"1 minute"},"schema":{"@context":"https:\/\/schema.org","@graph":[{"@type":"WebPage","@id":"https:\/\/www.petits-fruits.com\/index.php\/kiosques\/","url":"https:\/\/www.petits-fruits.com\/index.php\/kiosques\/","name":"Kiosques - Bleueti\u00e8res Point du jour et Royale","isPartOf":{"@id":"https:\/\/www.petits-fruits.com\/#website"},"datePublished":"2012-05-01T15:00:52+00:00","dateModified":"2021-05-11T15:36:40+00:00","breadcrumb":{"@id":"https:\/\/www.petits-fruits.com\/index.php\/kiosques\/#breadcrumb"},"inLanguage":"fr-FR","potentialAction":[{"@type":"ReadAction","target":["https:\/\/www.petits-fruits.com\/index.php\/kiosques\/"]}]},{"@type":"BreadcrumbList","@id":"https:\/\/www.petits-fruits.com\/index.php\/kiosques\/#breadcrumb","itemListElement":[{"@type":"ListItem","position":1,"name":"Accueil","item":"https:\/\/www.petits-fruits.com\/"},{"@type":"ListItem","position":2,"name":"Kiosques"}]},{"@type":"WebSite","@id":"https:\/\/www.petits-fruits.com\/#website","url":"https:\/\/www.petits-fruits.com\/","name":"Bleueti\u00e8res Point du jour et Royale","description":"","potentialAction":[{"@type":"SearchAction","target":{"@type":"EntryPoint","urlTemplate":"https:\/\/www.petits-fruits.com\/?s={search_term_string}"},"query-input":{"@type":"PropertyValueSpecification","valueRequired":true,"valueName":"search_term_string"}}],"inLanguage":"fr-FR"}]}},"_links":{"self":[{"href":"https:\/\/www.petits-fruits.com\/index.php\/wp-json\/wp\/v2\/pages\/50","targetHints":{"allow":["GET"]}}],"collection":[{"href":"https:\/\/www.petits-fruits.com\/index.php\/wp-json\/wp\/v2\/pages"}],"about":[{"href":"https:\/\/www.petits-fruits.com\/index.php\/wp-json\/wp\/v2\/types\/page"}],"author":[{"embeddable":true,"href":"https:\/\/www.petits-fruits.com\/index.php\/wp-json\/wp\/v2\/users\/1"}],"replies":[{"embeddable":true,"href":"https:\/\/www.petits-fruits.com\/index.php\/wp-json\/wp\/v2\/comments?post=50"}],"version-history":[{"count":2,"href":"https:\/\/www.petits-fruits.com\/index.php\/wp-json\/wp\/v2\/pages\/50\/revisions"}],"predecessor-version":[{"id":340,"href":"https:\/\/www.petits-fruits.com\/index.php\/wp-json\/wp\/v2\/pages\/50\/revisions\/340"}],"wp:attachment":[{"href":"https:\/\/www.petits-fruits.com\/index.php\/wp-json\/wp\/v2\/media?parent=50"}],"curies":[{"name":"wp","href":"https:\/\/api.w.org\/{rel}","templated":true}]}}