{"id":44,"date":"2012-05-01T14:43:54","date_gmt":"2012-05-01T14:43:54","guid":{"rendered":"http:\/\/petits-fruits.com\/?page_id=44"},"modified":"2021-05-11T15:36:51","modified_gmt":"2021-05-11T15:36:51","slug":"plan-du-site","status":"publish","type":"page","link":"https:\/\/www.petits-fruits.com\/index.php\/plan-du-site\/","title":{"rendered":"Plan du site"},"content":{"rendered":"<h1>Plan du site<\/h1>\n<p>[list-pages]<\/p>\n","protected":false},"excerpt":{"rendered":"<p>Plan du site [list-pages]<\/p>\n","protected":false},"author":1,"featured_media":0,"parent":0,"menu_order":0,"comment_status":"closed","ping_status":"open","template":"","meta":{"footnotes":""},"class_list":["post-44","page","type-page","status-publish","hentry"],"yoast_head":"<!-- This site is optimized with the Yoast SEO plugin v27.5 - https:\/\/yoast.com\/product\/yoast-seo-wordpress\/ -->\n<title>Plan du site - Bleueti\u00e8res Point du jour et Royale<\/title>\n<meta name=\"robots\" content=\"index, follow, max-snippet:-1, max-image-preview:large, max-video-preview:-1\" \/>\n<link rel=\"canonical\" href=\"https:\/\/www.petits-fruits.com\/index.php\/plan-du-site\/\" \/>\n<meta property=\"og:locale\" content=\"fr_FR\" \/>\n<meta property=\"og:type\" content=\"article\" \/>\n<meta property=\"og:title\" content=\"Plan du site - Bleueti\u00e8res Point du jour et Royale\" \/>\n<meta property=\"og:description\" content=\"Plan du site [list-pages]\" \/>\n<meta property=\"og:url\" content=\"https:\/\/www.petits-fruits.com\/index.php\/plan-du-site\/\" \/>\n<meta property=\"og:site_name\" content=\"Bleueti\u00e8res Point du jour et Royale\" \/>\n<meta property=\"article:modified_time\" content=\"2021-05-11T15:36:51+00:00\" \/>\n<meta name=\"twitter:label1\" content=\"Dur\u00e9e de lecture estim\u00e9e\" \/>\n\t<meta name=\"twitter:data1\" content=\"1 minute\" \/>\n<script type=\"application\/ld+json\" class=\"yoast-schema-graph\">{\"@context\":\"https:\\\/\\\/schema.org\",\"@graph\":[{\"@type\":\"WebPage\",\"@id\":\"https:\\\/\\\/www.petits-fruits.com\\\/index.php\\\/plan-du-site\\\/\",\"url\":\"https:\\\/\\\/www.petits-fruits.com\\\/index.php\\\/plan-du-site\\\/\",\"name\":\"Plan du site - Bleueti\u00e8res Point du jour et Royale\",\"isPartOf\":{\"@id\":\"https:\\\/\\\/www.petits-fruits.com\\\/#website\"},\"datePublished\":\"2012-05-01T14:43:54+00:00\",\"dateModified\":\"2021-05-11T15:36:51+00:00\",\"breadcrumb\":{\"@id\":\"https:\\\/\\\/www.petits-fruits.com\\\/index.php\\\/plan-du-site\\\/#breadcrumb\"},\"inLanguage\":\"fr-FR\",\"potentialAction\":[{\"@type\":\"ReadAction\",\"target\":[\"https:\\\/\\\/www.petits-fruits.com\\\/index.php\\\/plan-du-site\\\/\"]}]},{\"@type\":\"BreadcrumbList\",\"@id\":\"https:\\\/\\\/www.petits-fruits.com\\\/index.php\\\/plan-du-site\\\/#breadcrumb\",\"itemListElement\":[{\"@type\":\"ListItem\",\"position\":1,\"name\":\"Accueil\",\"item\":\"https:\\\/\\\/www.petits-fruits.com\\\/\"},{\"@type\":\"ListItem\",\"position\":2,\"name\":\"Plan du site\"}]},{\"@type\":\"WebSite\",\"@id\":\"https:\\\/\\\/www.petits-fruits.com\\\/#website\",\"url\":\"https:\\\/\\\/www.petits-fruits.com\\\/\",\"name\":\"Bleueti\u00e8res Point du jour et Royale\",\"description\":\"\",\"potentialAction\":[{\"@type\":\"SearchAction\",\"target\":{\"@type\":\"EntryPoint\",\"urlTemplate\":\"https:\\\/\\\/www.petits-fruits.com\\\/?s={search_term_string}\"},\"query-input\":{\"@type\":\"PropertyValueSpecification\",\"valueRequired\":true,\"valueName\":\"search_term_string\"}}],\"inLanguage\":\"fr-FR\"}]}<\/script>\n<!-- \/ Yoast SEO plugin. -->","yoast_head_json":{"title":"Plan du site - Bleueti\u00e8res Point du jour et Royale","robots":{"index":"index","follow":"follow","max-snippet":"max-snippet:-1","max-image-preview":"max-image-preview:large","max-video-preview":"max-video-preview:-1"},"canonical":"https:\/\/www.petits-fruits.com\/index.php\/plan-du-site\/","og_locale":"fr_FR","og_type":"article","og_title":"Plan du site - Bleueti\u00e8res Point du jour et Royale","og_description":"Plan du site [list-pages]","og_url":"https:\/\/www.petits-fruits.com\/index.php\/plan-du-site\/","og_site_name":"Bleueti\u00e8res Point du jour et Royale","article_modified_time":"2021-05-11T15:36:51+00:00","twitter_misc":{"Dur\u00e9e de lecture estim\u00e9e":"1 minute"},"schema":{"@context":"https:\/\/schema.org","@graph":[{"@type":"WebPage","@id":"https:\/\/www.petits-fruits.com\/index.php\/plan-du-site\/","url":"https:\/\/www.petits-fruits.com\/index.php\/plan-du-site\/","name":"Plan du site - Bleueti\u00e8res Point du jour et Royale","isPartOf":{"@id":"https:\/\/www.petits-fruits.com\/#website"},"datePublished":"2012-05-01T14:43:54+00:00","dateModified":"2021-05-11T15:36:51+00:00","breadcrumb":{"@id":"https:\/\/www.petits-fruits.com\/index.php\/plan-du-site\/#breadcrumb"},"inLanguage":"fr-FR","potentialAction":[{"@type":"ReadAction","target":["https:\/\/www.petits-fruits.com\/index.php\/plan-du-site\/"]}]},{"@type":"BreadcrumbList","@id":"https:\/\/www.petits-fruits.com\/index.php\/plan-du-site\/#breadcrumb","itemListElement":[{"@type":"ListItem","position":1,"name":"Accueil","item":"https:\/\/www.petits-fruits.com\/"},{"@type":"ListItem","position":2,"name":"Plan du site"}]},{"@type":"WebSite","@id":"https:\/\/www.petits-fruits.com\/#website","url":"https:\/\/www.petits-fruits.com\/","name":"Bleueti\u00e8res Point du jour et Royale","description":"","potentialAction":[{"@type":"SearchAction","target":{"@type":"EntryPoint","urlTemplate":"https:\/\/www.petits-fruits.com\/?s={search_term_string}"},"query-input":{"@type":"PropertyValueSpecification","valueRequired":true,"valueName":"search_term_string"}}],"inLanguage":"fr-FR"}]}},"_links":{"self":[{"href":"https:\/\/www.petits-fruits.com\/index.php\/wp-json\/wp\/v2\/pages\/44","targetHints":{"allow":["GET"]}}],"collection":[{"href":"https:\/\/www.petits-fruits.com\/index.php\/wp-json\/wp\/v2\/pages"}],"about":[{"href":"https:\/\/www.petits-fruits.com\/index.php\/wp-json\/wp\/v2\/types\/page"}],"author":[{"embeddable":true,"href":"https:\/\/www.petits-fruits.com\/index.php\/wp-json\/wp\/v2\/users\/1"}],"replies":[{"embeddable":true,"href":"https:\/\/www.petits-fruits.com\/index.php\/wp-json\/wp\/v2\/comments?post=44"}],"version-history":[{"count":2,"href":"https:\/\/www.petits-fruits.com\/index.php\/wp-json\/wp\/v2\/pages\/44\/revisions"}],"predecessor-version":[{"id":46,"href":"https:\/\/www.petits-fruits.com\/index.php\/wp-json\/wp\/v2\/pages\/44\/revisions\/46"}],"wp:attachment":[{"href":"https:\/\/www.petits-fruits.com\/index.php\/wp-json\/wp\/v2\/media?parent=44"}],"curies":[{"name":"wp","href":"https:\/\/api.w.org\/{rel}","templated":true}]}}