{"id":216,"date":"2017-04-28T21:58:00","date_gmt":"2017-04-28T21:58:00","guid":{"rendered":"http:\/\/www.petits-fruits.com\/?page_id=216"},"modified":"2017-04-28T21:58:00","modified_gmt":"2017-04-28T21:58:00","slug":"bleuets","status":"publish","type":"page","link":"https:\/\/www.petits-fruits.com\/index.php\/bleuets\/","title":{"rendered":"Bleuets"},"content":{"rendered":"<p>Il y a d\u00e9j\u00e0 20 ans que nous avons plant\u00e9 les premiers plants de bleuet.\u00a0 Avec notre exp\u00e9rience, nous avons pu surmonter les difficult\u00e9s pour pouvoir vous offrir les meilleurs bleuets de la r\u00e9gion.<\/p>\n","protected":false},"excerpt":{"rendered":"<p>Il y a d\u00e9j\u00e0 20 ans que nous avons plant\u00e9 les premiers plants de bleuet.\u00a0 Avec notre exp\u00e9rience, nous avons pu surmonter les difficult\u00e9s pour pouvoir vous offrir les meilleurs bleuets de la r\u00e9gion.<\/p>\n","protected":false},"author":2,"featured_media":0,"parent":0,"menu_order":0,"comment_status":"closed","ping_status":"closed","template":"","meta":{"footnotes":""},"class_list":["post-216","page","type-page","status-publish","hentry"],"yoast_head":"<!-- This site is optimized with the Yoast SEO plugin v27.4 - https:\/\/yoast.com\/product\/yoast-seo-wordpress\/ -->\n<title>www.petits-fruits.com\/index\/bleuets<\/title>\n<meta name=\"description\" content=\"Nos bons bleuets bleus sont d&#039;excellente qualit\u00e9 grasse aux terres de sable et de notre temp\u00e9rature qui les rendent sucr\u00e9s.\" \/>\n<meta name=\"robots\" content=\"index, follow, max-snippet:-1, max-image-preview:large, max-video-preview:-1\" \/>\n<link rel=\"canonical\" href=\"https:\/\/www.petits-fruits.com\/index.php\/bleuets\/\" \/>\n<meta property=\"og:locale\" content=\"fr_FR\" \/>\n<meta property=\"og:type\" content=\"article\" \/>\n<meta property=\"og:title\" content=\"www.petits-fruits.com\/index\/bleuets\" \/>\n<meta property=\"og:description\" content=\"Nos bons bleuets bleus sont d&#039;excellente qualit\u00e9 grasse aux terres de sable et de notre temp\u00e9rature qui les rendent sucr\u00e9s.\" \/>\n<meta property=\"og:url\" content=\"https:\/\/www.petits-fruits.com\/index.php\/bleuets\/\" \/>\n<meta property=\"og:site_name\" content=\"Bleueti\u00e8res Point du jour et Royale\" \/>\n<script type=\"application\/ld+json\" class=\"yoast-schema-graph\">{\"@context\":\"https:\\\/\\\/schema.org\",\"@graph\":[{\"@type\":\"WebPage\",\"@id\":\"https:\\\/\\\/www.petits-fruits.com\\\/index.php\\\/bleuets\\\/\",\"url\":\"https:\\\/\\\/www.petits-fruits.com\\\/index.php\\\/bleuets\\\/\",\"name\":\"www.petits-fruits.com\\\/index\\\/bleuets\",\"isPartOf\":{\"@id\":\"https:\\\/\\\/www.petits-fruits.com\\\/#website\"},\"datePublished\":\"2017-04-28T21:58:00+00:00\",\"description\":\"Nos bons bleuets bleus sont d'excellente qualit\u00e9 grasse aux terres de sable et de notre temp\u00e9rature qui les rendent sucr\u00e9s.\",\"breadcrumb\":{\"@id\":\"https:\\\/\\\/www.petits-fruits.com\\\/index.php\\\/bleuets\\\/#breadcrumb\"},\"inLanguage\":\"fr-FR\",\"potentialAction\":[{\"@type\":\"ReadAction\",\"target\":[\"https:\\\/\\\/www.petits-fruits.com\\\/index.php\\\/bleuets\\\/\"]}]},{\"@type\":\"BreadcrumbList\",\"@id\":\"https:\\\/\\\/www.petits-fruits.com\\\/index.php\\\/bleuets\\\/#breadcrumb\",\"itemListElement\":[{\"@type\":\"ListItem\",\"position\":1,\"name\":\"Accueil\",\"item\":\"https:\\\/\\\/www.petits-fruits.com\\\/\"},{\"@type\":\"ListItem\",\"position\":2,\"name\":\"Bleuets\"}]},{\"@type\":\"WebSite\",\"@id\":\"https:\\\/\\\/www.petits-fruits.com\\\/#website\",\"url\":\"https:\\\/\\\/www.petits-fruits.com\\\/\",\"name\":\"Bleueti\u00e8res Point du jour et Royale\",\"description\":\"\",\"potentialAction\":[{\"@type\":\"SearchAction\",\"target\":{\"@type\":\"EntryPoint\",\"urlTemplate\":\"https:\\\/\\\/www.petits-fruits.com\\\/?s={search_term_string}\"},\"query-input\":{\"@type\":\"PropertyValueSpecification\",\"valueRequired\":true,\"valueName\":\"search_term_string\"}}],\"inLanguage\":\"fr-FR\"}]}<\/script>\n<!-- \/ Yoast SEO plugin. -->","yoast_head_json":{"title":"www.petits-fruits.com\/index\/bleuets","description":"Nos bons bleuets bleus sont d'excellente qualit\u00e9 grasse aux terres de sable et de notre temp\u00e9rature qui les rendent sucr\u00e9s.","robots":{"index":"index","follow":"follow","max-snippet":"max-snippet:-1","max-image-preview":"max-image-preview:large","max-video-preview":"max-video-preview:-1"},"canonical":"https:\/\/www.petits-fruits.com\/index.php\/bleuets\/","og_locale":"fr_FR","og_type":"article","og_title":"www.petits-fruits.com\/index\/bleuets","og_description":"Nos bons bleuets bleus sont d'excellente qualit\u00e9 grasse aux terres de sable et de notre temp\u00e9rature qui les rendent sucr\u00e9s.","og_url":"https:\/\/www.petits-fruits.com\/index.php\/bleuets\/","og_site_name":"Bleueti\u00e8res Point du jour et Royale","schema":{"@context":"https:\/\/schema.org","@graph":[{"@type":"WebPage","@id":"https:\/\/www.petits-fruits.com\/index.php\/bleuets\/","url":"https:\/\/www.petits-fruits.com\/index.php\/bleuets\/","name":"www.petits-fruits.com\/index\/bleuets","isPartOf":{"@id":"https:\/\/www.petits-fruits.com\/#website"},"datePublished":"2017-04-28T21:58:00+00:00","description":"Nos bons bleuets bleus sont d'excellente qualit\u00e9 grasse aux terres de sable et de notre temp\u00e9rature qui les rendent sucr\u00e9s.","breadcrumb":{"@id":"https:\/\/www.petits-fruits.com\/index.php\/bleuets\/#breadcrumb"},"inLanguage":"fr-FR","potentialAction":[{"@type":"ReadAction","target":["https:\/\/www.petits-fruits.com\/index.php\/bleuets\/"]}]},{"@type":"BreadcrumbList","@id":"https:\/\/www.petits-fruits.com\/index.php\/bleuets\/#breadcrumb","itemListElement":[{"@type":"ListItem","position":1,"name":"Accueil","item":"https:\/\/www.petits-fruits.com\/"},{"@type":"ListItem","position":2,"name":"Bleuets"}]},{"@type":"WebSite","@id":"https:\/\/www.petits-fruits.com\/#website","url":"https:\/\/www.petits-fruits.com\/","name":"Bleueti\u00e8res Point du jour et Royale","description":"","potentialAction":[{"@type":"SearchAction","target":{"@type":"EntryPoint","urlTemplate":"https:\/\/www.petits-fruits.com\/?s={search_term_string}"},"query-input":{"@type":"PropertyValueSpecification","valueRequired":true,"valueName":"search_term_string"}}],"inLanguage":"fr-FR"}]}},"_links":{"self":[{"href":"https:\/\/www.petits-fruits.com\/index.php\/wp-json\/wp\/v2\/pages\/216","targetHints":{"allow":["GET"]}}],"collection":[{"href":"https:\/\/www.petits-fruits.com\/index.php\/wp-json\/wp\/v2\/pages"}],"about":[{"href":"https:\/\/www.petits-fruits.com\/index.php\/wp-json\/wp\/v2\/types\/page"}],"author":[{"embeddable":true,"href":"https:\/\/www.petits-fruits.com\/index.php\/wp-json\/wp\/v2\/users\/2"}],"replies":[{"embeddable":true,"href":"https:\/\/www.petits-fruits.com\/index.php\/wp-json\/wp\/v2\/comments?post=216"}],"version-history":[{"count":1,"href":"https:\/\/www.petits-fruits.com\/index.php\/wp-json\/wp\/v2\/pages\/216\/revisions"}],"predecessor-version":[{"id":217,"href":"https:\/\/www.petits-fruits.com\/index.php\/wp-json\/wp\/v2\/pages\/216\/revisions\/217"}],"wp:attachment":[{"href":"https:\/\/www.petits-fruits.com\/index.php\/wp-json\/wp\/v2\/media?parent=216"}],"curies":[{"name":"wp","href":"https:\/\/api.w.org\/{rel}","templated":true}]}}