{"id":21,"date":"2012-05-01T13:46:34","date_gmt":"2012-05-01T13:46:34","guid":{"rendered":"http:\/\/petits-fruits.com\/?page_id=21"},"modified":"2021-05-11T15:35:52","modified_gmt":"2021-05-11T15:35:52","slug":"ou-trouver-nos-produits","status":"publish","type":"page","link":"https:\/\/www.petits-fruits.com\/index.php\/ou-trouver-nos-produits\/","title":{"rendered":"O\u00f9 trouver nos produits?"},"content":{"rendered":"<h1>O\u00f9 trouvez nos produits?<\/h1>\n<h2>Bleuets, fraises et framboises de la Bleueti\u00e8re Point du jour et Royale, disponibles partout!<\/h2>\n<p>Outre l\u2019auto-cueillette, vous pouvez vous procurer nos produits directement dans l\u2019un de nos kiosques situ\u00e9s aux endroits suivants :<\/p>\n<p><strong>Bleueti\u00e8re Point du jour<\/strong><br \/>\n330, Point du jour Sud<br \/>\nLavaltrie (Qu\u00e9bec)<br \/>\nCanada J5T 3P4<br \/>\nT\u00e9l. 450 586-0598<\/p>\n<p><strong>Bleueti\u00e8re Royale<\/strong><br \/>\n511, Rang Br\u00fbl\u00e9<br \/>\nSt-Thomas de Joliette (Qu\u00e9bec)<br \/>\nCanada J0K 3L0<br \/>\nT\u00e9l. 450 756-6569<\/p>\n<h2>Fruits et produits en kiosques et en \u00e9piceries<\/h2>\n<p>Fruits frais, fruits congel\u00e9s et fins produits sucr\u00e9s offerts en kiosques mais aussi dans la majorit\u00e9 des \u00e9piceries telles que M\u00e9tro, IGA et Provigo! Exigez les produits de la Bleueti\u00e8re Point du jour et Royale \u00e0 votre \u00e9picier!<\/p>\n<p>Il est aussi possible de commander nos produits directement \u00e0 la ferme en composant le 450 586-0598.<\/p>\n<p><em>Notez bien qu\u2019en haute saison, les fins produits sucr\u00e9s sont en ventes \u00e0 la maison Rosalie Cadron situ\u00e9e au 1997, rue Notre-Dame \u00e0 Lavaltrie et au Kiosque Lafortune situ\u00e9 au 920, rang du Bas L&rsquo;Assomption Sud, L&rsquo;Assomption.<\/em><\/p>\n","protected":false},"excerpt":{"rendered":"<p>O\u00f9 trouvez nos produits? Bleuets, fraises et framboises de la Bleueti\u00e8re Point du jour et Royale, disponibles partout! Outre l\u2019auto-cueillette, vous pouvez vous procurer nos produits directement dans l\u2019un de nos kiosques situ\u00e9s aux endroits suivants : Bleueti\u00e8re Point du jour 330, Point du jour Sud Lavaltrie (Qu\u00e9bec) Canada J5T 3P4 T\u00e9l. 450 586-0598 Bleueti\u00e8re [&hellip;]<\/p>\n","protected":false},"author":1,"featured_media":0,"parent":0,"menu_order":-30,"comment_status":"closed","ping_status":"open","template":"","meta":{"footnotes":""},"class_list":["post-21","page","type-page","status-publish","hentry"],"yoast_head":"<!-- This site is optimized with the Yoast SEO plugin v27.6 - https:\/\/yoast.com\/product\/yoast-seo-wordpress\/ -->\n<title>O\u00f9 trouver nos produits? - Bleueti\u00e8res Point du jour et Royale<\/title>\n<meta name=\"robots\" content=\"index, follow, max-snippet:-1, max-image-preview:large, max-video-preview:-1\" \/>\n<link rel=\"canonical\" href=\"https:\/\/www.petits-fruits.com\/index.php\/ou-trouver-nos-produits\/\" \/>\n<meta property=\"og:locale\" content=\"fr_FR\" \/>\n<meta property=\"og:type\" content=\"article\" \/>\n<meta property=\"og:title\" content=\"O\u00f9 trouver nos produits? - Bleueti\u00e8res Point du jour et Royale\" \/>\n<meta property=\"og:description\" content=\"O\u00f9 trouvez nos produits? Bleuets, fraises et framboises de la Bleueti\u00e8re Point du jour et Royale, disponibles partout! Outre l\u2019auto-cueillette, vous pouvez vous procurer nos produits directement dans l\u2019un de nos kiosques situ\u00e9s aux endroits suivants : Bleueti\u00e8re Point du jour 330, Point du jour Sud Lavaltrie (Qu\u00e9bec) Canada J5T 3P4 T\u00e9l. 450 586-0598 Bleueti\u00e8re [&hellip;]\" \/>\n<meta property=\"og:url\" content=\"https:\/\/www.petits-fruits.com\/index.php\/ou-trouver-nos-produits\/\" \/>\n<meta property=\"og:site_name\" content=\"Bleueti\u00e8res Point du jour et Royale\" \/>\n<meta property=\"article:modified_time\" content=\"2021-05-11T15:35:52+00:00\" \/>\n<meta name=\"twitter:label1\" content=\"Dur\u00e9e de lecture estim\u00e9e\" \/>\n\t<meta name=\"twitter:data1\" content=\"1 minute\" \/>\n<script type=\"application\/ld+json\" class=\"yoast-schema-graph\">{\"@context\":\"https:\\\/\\\/schema.org\",\"@graph\":[{\"@type\":\"WebPage\",\"@id\":\"https:\\\/\\\/www.petits-fruits.com\\\/index.php\\\/ou-trouver-nos-produits\\\/\",\"url\":\"https:\\\/\\\/www.petits-fruits.com\\\/index.php\\\/ou-trouver-nos-produits\\\/\",\"name\":\"O\u00f9 trouver nos produits? - Bleueti\u00e8res Point du jour et Royale\",\"isPartOf\":{\"@id\":\"https:\\\/\\\/www.petits-fruits.com\\\/#website\"},\"datePublished\":\"2012-05-01T13:46:34+00:00\",\"dateModified\":\"2021-05-11T15:35:52+00:00\",\"breadcrumb\":{\"@id\":\"https:\\\/\\\/www.petits-fruits.com\\\/index.php\\\/ou-trouver-nos-produits\\\/#breadcrumb\"},\"inLanguage\":\"fr-FR\",\"potentialAction\":[{\"@type\":\"ReadAction\",\"target\":[\"https:\\\/\\\/www.petits-fruits.com\\\/index.php\\\/ou-trouver-nos-produits\\\/\"]}]},{\"@type\":\"BreadcrumbList\",\"@id\":\"https:\\\/\\\/www.petits-fruits.com\\\/index.php\\\/ou-trouver-nos-produits\\\/#breadcrumb\",\"itemListElement\":[{\"@type\":\"ListItem\",\"position\":1,\"name\":\"Accueil\",\"item\":\"https:\\\/\\\/www.petits-fruits.com\\\/\"},{\"@type\":\"ListItem\",\"position\":2,\"name\":\"O\u00f9 trouver nos produits?\"}]},{\"@type\":\"WebSite\",\"@id\":\"https:\\\/\\\/www.petits-fruits.com\\\/#website\",\"url\":\"https:\\\/\\\/www.petits-fruits.com\\\/\",\"name\":\"Bleueti\u00e8res Point du jour et Royale\",\"description\":\"\",\"potentialAction\":[{\"@type\":\"SearchAction\",\"target\":{\"@type\":\"EntryPoint\",\"urlTemplate\":\"https:\\\/\\\/www.petits-fruits.com\\\/?s={search_term_string}\"},\"query-input\":{\"@type\":\"PropertyValueSpecification\",\"valueRequired\":true,\"valueName\":\"search_term_string\"}}],\"inLanguage\":\"fr-FR\"}]}<\/script>\n<!-- \/ Yoast SEO plugin. -->","yoast_head_json":{"title":"O\u00f9 trouver nos produits? - Bleueti\u00e8res Point du jour et Royale","robots":{"index":"index","follow":"follow","max-snippet":"max-snippet:-1","max-image-preview":"max-image-preview:large","max-video-preview":"max-video-preview:-1"},"canonical":"https:\/\/www.petits-fruits.com\/index.php\/ou-trouver-nos-produits\/","og_locale":"fr_FR","og_type":"article","og_title":"O\u00f9 trouver nos produits? - Bleueti\u00e8res Point du jour et Royale","og_description":"O\u00f9 trouvez nos produits? Bleuets, fraises et framboises de la Bleueti\u00e8re Point du jour et Royale, disponibles partout! Outre l\u2019auto-cueillette, vous pouvez vous procurer nos produits directement dans l\u2019un de nos kiosques situ\u00e9s aux endroits suivants : Bleueti\u00e8re Point du jour 330, Point du jour Sud Lavaltrie (Qu\u00e9bec) Canada J5T 3P4 T\u00e9l. 450 586-0598 Bleueti\u00e8re [&hellip;]","og_url":"https:\/\/www.petits-fruits.com\/index.php\/ou-trouver-nos-produits\/","og_site_name":"Bleueti\u00e8res Point du jour et Royale","article_modified_time":"2021-05-11T15:35:52+00:00","twitter_misc":{"Dur\u00e9e de lecture estim\u00e9e":"1 minute"},"schema":{"@context":"https:\/\/schema.org","@graph":[{"@type":"WebPage","@id":"https:\/\/www.petits-fruits.com\/index.php\/ou-trouver-nos-produits\/","url":"https:\/\/www.petits-fruits.com\/index.php\/ou-trouver-nos-produits\/","name":"O\u00f9 trouver nos produits? - Bleueti\u00e8res Point du jour et Royale","isPartOf":{"@id":"https:\/\/www.petits-fruits.com\/#website"},"datePublished":"2012-05-01T13:46:34+00:00","dateModified":"2021-05-11T15:35:52+00:00","breadcrumb":{"@id":"https:\/\/www.petits-fruits.com\/index.php\/ou-trouver-nos-produits\/#breadcrumb"},"inLanguage":"fr-FR","potentialAction":[{"@type":"ReadAction","target":["https:\/\/www.petits-fruits.com\/index.php\/ou-trouver-nos-produits\/"]}]},{"@type":"BreadcrumbList","@id":"https:\/\/www.petits-fruits.com\/index.php\/ou-trouver-nos-produits\/#breadcrumb","itemListElement":[{"@type":"ListItem","position":1,"name":"Accueil","item":"https:\/\/www.petits-fruits.com\/"},{"@type":"ListItem","position":2,"name":"O\u00f9 trouver nos produits?"}]},{"@type":"WebSite","@id":"https:\/\/www.petits-fruits.com\/#website","url":"https:\/\/www.petits-fruits.com\/","name":"Bleueti\u00e8res Point du jour et Royale","description":"","potentialAction":[{"@type":"SearchAction","target":{"@type":"EntryPoint","urlTemplate":"https:\/\/www.petits-fruits.com\/?s={search_term_string}"},"query-input":{"@type":"PropertyValueSpecification","valueRequired":true,"valueName":"search_term_string"}}],"inLanguage":"fr-FR"}]}},"_links":{"self":[{"href":"https:\/\/www.petits-fruits.com\/index.php\/wp-json\/wp\/v2\/pages\/21","targetHints":{"allow":["GET"]}}],"collection":[{"href":"https:\/\/www.petits-fruits.com\/index.php\/wp-json\/wp\/v2\/pages"}],"about":[{"href":"https:\/\/www.petits-fruits.com\/index.php\/wp-json\/wp\/v2\/types\/page"}],"author":[{"embeddable":true,"href":"https:\/\/www.petits-fruits.com\/index.php\/wp-json\/wp\/v2\/users\/1"}],"replies":[{"embeddable":true,"href":"https:\/\/www.petits-fruits.com\/index.php\/wp-json\/wp\/v2\/comments?post=21"}],"version-history":[{"count":8,"href":"https:\/\/www.petits-fruits.com\/index.php\/wp-json\/wp\/v2\/pages\/21\/revisions"}],"predecessor-version":[{"id":337,"href":"https:\/\/www.petits-fruits.com\/index.php\/wp-json\/wp\/v2\/pages\/21\/revisions\/337"}],"wp:attachment":[{"href":"https:\/\/www.petits-fruits.com\/index.php\/wp-json\/wp\/v2\/media?parent=21"}],"curies":[{"name":"wp","href":"https:\/\/api.w.org\/{rel}","templated":true}]}}